{"id":174,"date":"2022-04-14T10:16:39","date_gmt":"2022-04-14T08:16:39","guid":{"rendered":"http:\/\/swco.de\/?page_id=174"},"modified":"2022-04-14T17:02:26","modified_gmt":"2022-04-14T15:02:26","slug":"folienpraegeservietten","status":"publish","type":"page","link":"https:\/\/swco.de\/?page_id=174","title":{"rendered":"Folienpr\u00e4geservietten"},"content":{"rendered":"\n<div class=\"wp-block-cover has-background-dim\" style=\"min-height:145px\"><img loading=\"lazy\" width=\"1024\" height=\"133\" class=\"wp-block-cover__image-background wp-image-31\" alt=\"\" src=\"https:\/\/swco.de\/wp-content\/uploads\/2022\/04\/services-1024x133.jpg\" data-object-fit=\"cover\" srcset=\"https:\/\/swco.de\/wp-content\/uploads\/2022\/04\/services-1024x133.jpg 1024w, https:\/\/swco.de\/wp-content\/uploads\/2022\/04\/services-300x39.jpg 300w, https:\/\/swco.de\/wp-content\/uploads\/2022\/04\/services-768x100.jpg 768w, https:\/\/swco.de\/wp-content\/uploads\/2022\/04\/services-1536x200.jpg 1536w, https:\/\/swco.de\/wp-content\/uploads\/2022\/04\/services-920x120.jpg 920w, https:\/\/swco.de\/wp-content\/uploads\/2022\/04\/services-230x30.jpg 230w, https:\/\/swco.de\/wp-content\/uploads\/2022\/04\/services-350x46.jpg 350w, https:\/\/swco.de\/wp-content\/uploads\/2022\/04\/services-480x63.jpg 480w, https:\/\/swco.de\/wp-content\/uploads\/2022\/04\/services.jpg 1920w\" sizes=\"(max-width: 1024px) 100vw, 1024px\" \/><div class=\"wp-block-cover__inner-container\">\n<p class=\"has-text-align-center has-large-font-size\">Folienpr\u00e4geservietten<\/p>\n<\/div><\/div>\n\n\n\n<div style=\"height:26px\" aria-hidden=\"true\" class=\"wp-block-spacer\"><\/div>\n\n\n<p>Den Tisch exklusiv und festlich decken kann man mit unseren foliengepr\u00e4gten Servietten. Egal ob Hochzeit, Taufe, Geburt, Kommunion oder Konfirmation, mit unseren in Deutschland handgefertigten Servietten mit foliengepr\u00e4gtem Motiv verleihen Sie jedem gedeckten Tisch das besondere Etwas. <br \/>Durch den Einsatz von Hei\u00dfpr\u00e4gung ist es m\u00f6glich eine gl\u00e4nzende Folie auf die Serviette aufzubringen.<br \/>F\u00fcr uns ist es selbstverst\u00e4ndlich, dass wir auch hier auf lebensmittelgerechtes Material achten.<br \/>Gerne lassen wir Ihnen einen Flyer mit unserer aktuellen Kollektion zukommen oder Sie laden ihn sich ganz einfach <a href=\"https:\/\/swco.de\/?page_id=68\">HIER<\/a> herunter.<\/p>\n\n\n<div style=\"height:26px\" aria-hidden=\"true\" class=\"wp-block-spacer\"><\/div>\n\n\n\n<figure class=\"wp-block-gallery columns-3 is-cropped\"><ul class=\"blocks-gallery-grid\"><li class=\"blocks-gallery-item\"><figure><img loading=\"lazy\" width=\"800\" height=\"533\" src=\"https:\/\/swco.de\/wp-content\/uploads\/2022\/04\/IMG_1049.jpg\" alt=\"\" data-id=\"105\" data-link=\"https:\/\/swco.de\/?attachment_id=105\" class=\"wp-image-105\" srcset=\"https:\/\/swco.de\/wp-content\/uploads\/2022\/04\/IMG_1049.jpg 800w, https:\/\/swco.de\/wp-content\/uploads\/2022\/04\/IMG_1049-300x200.jpg 300w, https:\/\/swco.de\/wp-content\/uploads\/2022\/04\/IMG_1049-768x512.jpg 768w, https:\/\/swco.de\/wp-content\/uploads\/2022\/04\/IMG_1049-230x153.jpg 230w, https:\/\/swco.de\/wp-content\/uploads\/2022\/04\/IMG_1049-350x233.jpg 350w, https:\/\/swco.de\/wp-content\/uploads\/2022\/04\/IMG_1049-480x320.jpg 480w\" sizes=\"(max-width: 800px) 100vw, 800px\" \/><\/figure><\/li><li class=\"blocks-gallery-item\"><figure><img loading=\"lazy\" width=\"800\" height=\"549\" src=\"https:\/\/swco.de\/wp-content\/uploads\/2022\/04\/1462139_1.jpg\" alt=\"\" data-id=\"175\" data-link=\"https:\/\/swco.de\/?attachment_id=175\" class=\"wp-image-175\" srcset=\"https:\/\/swco.de\/wp-content\/uploads\/2022\/04\/1462139_1.jpg 800w, https:\/\/swco.de\/wp-content\/uploads\/2022\/04\/1462139_1-300x206.jpg 300w, https:\/\/swco.de\/wp-content\/uploads\/2022\/04\/1462139_1-768x527.jpg 768w, https:\/\/swco.de\/wp-content\/uploads\/2022\/04\/1462139_1-230x158.jpg 230w, https:\/\/swco.de\/wp-content\/uploads\/2022\/04\/1462139_1-350x240.jpg 350w, https:\/\/swco.de\/wp-content\/uploads\/2022\/04\/1462139_1-480x329.jpg 480w\" sizes=\"(max-width: 800px) 100vw, 800px\" \/><\/figure><\/li><li class=\"blocks-gallery-item\"><figure><img loading=\"lazy\" width=\"800\" height=\"533\" src=\"https:\/\/swco.de\/wp-content\/uploads\/2022\/04\/IMG_0209.jpg\" alt=\"\" data-id=\"176\" data-full-url=\"https:\/\/swco.de\/wp-content\/uploads\/2022\/04\/IMG_0209.jpg\" data-link=\"https:\/\/swco.de\/?attachment_id=176\" class=\"wp-image-176\" srcset=\"https:\/\/swco.de\/wp-content\/uploads\/2022\/04\/IMG_0209.jpg 800w, https:\/\/swco.de\/wp-content\/uploads\/2022\/04\/IMG_0209-300x200.jpg 300w, https:\/\/swco.de\/wp-content\/uploads\/2022\/04\/IMG_0209-768x512.jpg 768w, https:\/\/swco.de\/wp-content\/uploads\/2022\/04\/IMG_0209-230x153.jpg 230w, https:\/\/swco.de\/wp-content\/uploads\/2022\/04\/IMG_0209-350x233.jpg 350w, https:\/\/swco.de\/wp-content\/uploads\/2022\/04\/IMG_0209-480x320.jpg 480w\" sizes=\"(max-width: 800px) 100vw, 800px\" \/><\/figure><\/li><\/ul><\/figure>\n\n\n\n<div style=\"height:26px\" aria-hidden=\"true\" class=\"wp-block-spacer\"><\/div>\n\n\n\n<div class=\"wp-block-buttons\">\n<div class=\"wp-block-button\"><a class=\"wp-block-button__link\" style=\"border-radius:50px\">zur\u00fcck zu den produkten<\/a><\/div>\n<\/div>\n\n\n\n<div style=\"height:26px\" aria-hidden=\"true\" class=\"wp-block-spacer\"><\/div>\n","protected":false},"excerpt":{"rendered":"<p>Den Tisch exklusiv und festlich decken kann man mit unseren foliengepr\u00e4gten Servietten. Egal ob Hochzeit, Taufe, Geburt, Kommunion oder Konfirmation, mit unseren [&hellip;]<\/p>\n","protected":false},"author":1,"featured_media":0,"parent":102,"menu_order":0,"comment_status":"closed","ping_status":"closed","template":"page-templates\/page_front-page.php","meta":[],"_links":{"self":[{"href":"https:\/\/swco.de\/index.php?rest_route=\/wp\/v2\/pages\/174"}],"collection":[{"href":"https:\/\/swco.de\/index.php?rest_route=\/wp\/v2\/pages"}],"about":[{"href":"https:\/\/swco.de\/index.php?rest_route=\/wp\/v2\/types\/page"}],"author":[{"embeddable":true,"href":"https:\/\/swco.de\/index.php?rest_route=\/wp\/v2\/users\/1"}],"replies":[{"embeddable":true,"href":"https:\/\/swco.de\/index.php?rest_route=%2Fwp%2Fv2%2Fcomments&post=174"}],"version-history":[{"count":2,"href":"https:\/\/swco.de\/index.php?rest_route=\/wp\/v2\/pages\/174\/revisions"}],"predecessor-version":[{"id":298,"href":"https:\/\/swco.de\/index.php?rest_route=\/wp\/v2\/pages\/174\/revisions\/298"}],"up":[{"embeddable":true,"href":"https:\/\/swco.de\/index.php?rest_route=\/wp\/v2\/pages\/102"}],"wp:attachment":[{"href":"https:\/\/swco.de\/index.php?rest_route=%2Fwp%2Fv2%2Fmedia&parent=174"}],"curies":[{"name":"wp","href":"https:\/\/api.w.org\/{rel}","templated":true}]}}