{"id":184,"date":"2022-04-14T10:50:04","date_gmt":"2022-04-14T08:50:04","guid":{"rendered":"http:\/\/swco.de\/?page_id=184"},"modified":"2022-04-14T10:50:04","modified_gmt":"2022-04-14T08:50:04","slug":"jubilaeumszahlen","status":"publish","type":"page","link":"https:\/\/swco.de\/?page_id=184","title":{"rendered":"Jubil\u00e4umszahlen"},"content":{"rendered":"\n<div class=\"wp-block-cover has-background-dim\" style=\"min-height:146px\"><img loading=\"lazy\" width=\"1024\" height=\"133\" class=\"wp-block-cover__image-background wp-image-31\" alt=\"\" src=\"https:\/\/swco.de\/wp-content\/uploads\/2022\/04\/services-1024x133.jpg\" data-object-fit=\"cover\" srcset=\"https:\/\/swco.de\/wp-content\/uploads\/2022\/04\/services-1024x133.jpg 1024w, https:\/\/swco.de\/wp-content\/uploads\/2022\/04\/services-300x39.jpg 300w, https:\/\/swco.de\/wp-content\/uploads\/2022\/04\/services-768x100.jpg 768w, https:\/\/swco.de\/wp-content\/uploads\/2022\/04\/services-1536x200.jpg 1536w, https:\/\/swco.de\/wp-content\/uploads\/2022\/04\/services-920x120.jpg 920w, https:\/\/swco.de\/wp-content\/uploads\/2022\/04\/services-230x30.jpg 230w, https:\/\/swco.de\/wp-content\/uploads\/2022\/04\/services-350x46.jpg 350w, https:\/\/swco.de\/wp-content\/uploads\/2022\/04\/services-480x63.jpg 480w, https:\/\/swco.de\/wp-content\/uploads\/2022\/04\/services.jpg 1920w\" sizes=\"(max-width: 1024px) 100vw, 1024px\" \/><div class=\"wp-block-cover__inner-container\">\n<p class=\"has-text-align-center has-large-font-size\">Jubil\u00e4umszahlen<\/p>\n<\/div><\/div>\n\n\n\n<div style=\"height:26px\" aria-hidden=\"true\" class=\"wp-block-spacer\"><\/div>\n\n\n<p>Ob als Tischdeko, auf der Geburtstagstorte oder im Geschenkkorb\u2026.unsere Jubil\u00e4umszahlen, in holografischer Gold-, Silber- oder Regenbogenfolie, \u00a0sind auf jeden Fall ein Blickfang!<br \/>Unsere Jubil\u00e4umszahlen werden in Deutschland gefertigt.<br \/>Sie haben Fragen zu Sondermotiven oder m\u00f6chten einen Katalog? Sprechen Sie uns gerne an! Nat\u00fcrlich k\u00f6nnen Sie den aktuellen Katalog auch <a href=\"https:\/\/swco.de\/?page_id=68\">HIER<\/a> downloaden.<\/p>\n\n\n<div style=\"height:26px\" aria-hidden=\"true\" class=\"wp-block-spacer\"><\/div>\n\n\n\n<figure class=\"wp-block-gallery columns-2 is-cropped\"><ul class=\"blocks-gallery-grid\"><li class=\"blocks-gallery-item\"><figure><img loading=\"lazy\" width=\"800\" height=\"533\" src=\"https:\/\/swco.de\/wp-content\/uploads\/2022\/04\/JubiZahl_Geschenk_tu\u0308rkis-braun_mit_100_300dpi.jpg\" alt=\"\" data-id=\"107\" data-link=\"https:\/\/swco.de\/?attachment_id=107\" class=\"wp-image-107\" srcset=\"https:\/\/swco.de\/wp-content\/uploads\/2022\/04\/JubiZahl_Geschenk_tu\u0308rkis-braun_mit_100_300dpi.jpg 800w, https:\/\/swco.de\/wp-content\/uploads\/2022\/04\/JubiZahl_Geschenk_tu\u0308rkis-braun_mit_100_300dpi-300x200.jpg 300w, https:\/\/swco.de\/wp-content\/uploads\/2022\/04\/JubiZahl_Geschenk_tu\u0308rkis-braun_mit_100_300dpi-768x512.jpg 768w, https:\/\/swco.de\/wp-content\/uploads\/2022\/04\/JubiZahl_Geschenk_tu\u0308rkis-braun_mit_100_300dpi-230x153.jpg 230w, https:\/\/swco.de\/wp-content\/uploads\/2022\/04\/JubiZahl_Geschenk_tu\u0308rkis-braun_mit_100_300dpi-350x233.jpg 350w, https:\/\/swco.de\/wp-content\/uploads\/2022\/04\/JubiZahl_Geschenk_tu\u0308rkis-braun_mit_100_300dpi-480x320.jpg 480w\" sizes=\"(max-width: 800px) 100vw, 800px\" \/><\/figure><\/li><li class=\"blocks-gallery-item\"><figure><img loading=\"lazy\" width=\"800\" height=\"533\" src=\"https:\/\/swco.de\/wp-content\/uploads\/2022\/04\/jubi_konfetti_50_geschenke_300dpi.jpg\" alt=\"\" data-id=\"185\" data-full-url=\"https:\/\/swco.de\/wp-content\/uploads\/2022\/04\/jubi_konfetti_50_geschenke_300dpi.jpg\" data-link=\"https:\/\/swco.de\/?attachment_id=185\" class=\"wp-image-185\" srcset=\"https:\/\/swco.de\/wp-content\/uploads\/2022\/04\/jubi_konfetti_50_geschenke_300dpi.jpg 800w, https:\/\/swco.de\/wp-content\/uploads\/2022\/04\/jubi_konfetti_50_geschenke_300dpi-300x200.jpg 300w, https:\/\/swco.de\/wp-content\/uploads\/2022\/04\/jubi_konfetti_50_geschenke_300dpi-768x512.jpg 768w, https:\/\/swco.de\/wp-content\/uploads\/2022\/04\/jubi_konfetti_50_geschenke_300dpi-230x153.jpg 230w, https:\/\/swco.de\/wp-content\/uploads\/2022\/04\/jubi_konfetti_50_geschenke_300dpi-350x233.jpg 350w, https:\/\/swco.de\/wp-content\/uploads\/2022\/04\/jubi_konfetti_50_geschenke_300dpi-480x320.jpg 480w\" sizes=\"(max-width: 800px) 100vw, 800px\" \/><\/figure><\/li><\/ul><\/figure>\n\n\n\n<div style=\"height:26px\" aria-hidden=\"true\" class=\"wp-block-spacer\"><\/div>\n\n\n\n<div class=\"wp-block-buttons\">\n<div class=\"wp-block-button\"><a class=\"wp-block-button__link\" href=\"https:\/\/swco.de\/?page_id=102\" style=\"border-radius:50px\">zur\u00fcck zu den produkten<\/a><\/div>\n<\/div>\n\n\n\n<div style=\"height:26px\" aria-hidden=\"true\" class=\"wp-block-spacer\"><\/div>\n","protected":false},"excerpt":{"rendered":"<p>Ob als Tischdeko, auf der Geburtstagstorte oder im Geschenkkorb\u2026.unsere Jubil\u00e4umszahlen, in holografischer Gold-, Silber- oder Regenbogenfolie, \u00a0sind auf jeden Fall ein Blickfang!Unsere [&hellip;]<\/p>\n","protected":false},"author":1,"featured_media":0,"parent":102,"menu_order":0,"comment_status":"closed","ping_status":"closed","template":"page-templates\/page_front-page.php","meta":[],"_links":{"self":[{"href":"https:\/\/swco.de\/index.php?rest_route=\/wp\/v2\/pages\/184"}],"collection":[{"href":"https:\/\/swco.de\/index.php?rest_route=\/wp\/v2\/pages"}],"about":[{"href":"https:\/\/swco.de\/index.php?rest_route=\/wp\/v2\/types\/page"}],"author":[{"embeddable":true,"href":"https:\/\/swco.de\/index.php?rest_route=\/wp\/v2\/users\/1"}],"replies":[{"embeddable":true,"href":"https:\/\/swco.de\/index.php?rest_route=%2Fwp%2Fv2%2Fcomments&post=184"}],"version-history":[{"count":1,"href":"https:\/\/swco.de\/index.php?rest_route=\/wp\/v2\/pages\/184\/revisions"}],"predecessor-version":[{"id":186,"href":"https:\/\/swco.de\/index.php?rest_route=\/wp\/v2\/pages\/184\/revisions\/186"}],"up":[{"embeddable":true,"href":"https:\/\/swco.de\/index.php?rest_route=\/wp\/v2\/pages\/102"}],"wp:attachment":[{"href":"https:\/\/swco.de\/index.php?rest_route=%2Fwp%2Fv2%2Fmedia&parent=184"}],"curies":[{"name":"wp","href":"https:\/\/api.w.org\/{rel}","templated":true}]}}