{"id":198,"date":"2022-04-14T11:42:11","date_gmt":"2022-04-14T09:42:11","guid":{"rendered":"http:\/\/swco.de\/?page_id=198"},"modified":"2022-04-14T11:42:11","modified_gmt":"2022-04-14T09:42:11","slug":"smiley-card","status":"publish","type":"page","link":"https:\/\/swco.de\/?page_id=198","title":{"rendered":"Smiley Card"},"content":{"rendered":"\n<div class=\"wp-block-cover has-background-dim\" style=\"min-height:141px\"><img loading=\"lazy\" width=\"1024\" height=\"133\" class=\"wp-block-cover__image-background wp-image-31\" alt=\"\" src=\"https:\/\/swco.de\/wp-content\/uploads\/2022\/04\/services-1024x133.jpg\" data-object-fit=\"cover\" srcset=\"https:\/\/swco.de\/wp-content\/uploads\/2022\/04\/services-1024x133.jpg 1024w, https:\/\/swco.de\/wp-content\/uploads\/2022\/04\/services-300x39.jpg 300w, https:\/\/swco.de\/wp-content\/uploads\/2022\/04\/services-768x100.jpg 768w, https:\/\/swco.de\/wp-content\/uploads\/2022\/04\/services-1536x200.jpg 1536w, https:\/\/swco.de\/wp-content\/uploads\/2022\/04\/services-920x120.jpg 920w, https:\/\/swco.de\/wp-content\/uploads\/2022\/04\/services-230x30.jpg 230w, https:\/\/swco.de\/wp-content\/uploads\/2022\/04\/services-350x46.jpg 350w, https:\/\/swco.de\/wp-content\/uploads\/2022\/04\/services-480x63.jpg 480w, https:\/\/swco.de\/wp-content\/uploads\/2022\/04\/services.jpg 1920w\" sizes=\"(max-width: 1024px) 100vw, 1024px\" \/><div class=\"wp-block-cover__inner-container\">\n<p class=\"has-text-align-center has-large-font-size\">Smiley Card<\/p>\n<\/div><\/div>\n\n\n\n<div style=\"height:26px\" aria-hidden=\"true\" class=\"wp-block-spacer\"><\/div>\n\n\n\n<div class=\"wp-block-media-text alignwide is-stacked-on-mobile\"><figure class=\"wp-block-media-text__media\"><img loading=\"lazy\" width=\"1024\" height=\"728\" src=\"https:\/\/swco.de\/wp-content\/uploads\/2022\/04\/PicsArt_12-30-09.29.31-scaled-e1649862791520-1024x728.jpg\" alt=\"\" class=\"wp-image-113 size-full\" srcset=\"https:\/\/swco.de\/wp-content\/uploads\/2022\/04\/PicsArt_12-30-09.29.31-scaled-e1649862791520-1024x728.jpg 1024w, https:\/\/swco.de\/wp-content\/uploads\/2022\/04\/PicsArt_12-30-09.29.31-scaled-e1649862791520-300x213.jpg 300w, https:\/\/swco.de\/wp-content\/uploads\/2022\/04\/PicsArt_12-30-09.29.31-scaled-e1649862791520-768x546.jpg 768w, https:\/\/swco.de\/wp-content\/uploads\/2022\/04\/PicsArt_12-30-09.29.31-scaled-e1649862791520-1536x1091.jpg 1536w, https:\/\/swco.de\/wp-content\/uploads\/2022\/04\/PicsArt_12-30-09.29.31-scaled-e1649862791520-2048x1455.jpg 2048w, https:\/\/swco.de\/wp-content\/uploads\/2022\/04\/PicsArt_12-30-09.29.31-scaled-e1649862791520-920x654.jpg 920w, https:\/\/swco.de\/wp-content\/uploads\/2022\/04\/PicsArt_12-30-09.29.31-scaled-e1649862791520-230x163.jpg 230w, https:\/\/swco.de\/wp-content\/uploads\/2022\/04\/PicsArt_12-30-09.29.31-scaled-e1649862791520-350x249.jpg 350w, https:\/\/swco.de\/wp-content\/uploads\/2022\/04\/PicsArt_12-30-09.29.31-scaled-e1649862791520-480x341.jpg 480w\" sizes=\"(max-width: 1024px) 100vw, 1024px\" \/><\/figure><div class=\"wp-block-media-text__content\">\n<p>Gru\u00dfkarten, Geschenktragetaschen sowie Geschenkpapier umfassen unser Sortiment im Preiseinstiegsbereich.<br>F\u00fcr die Produkte der Marke Smiley Card gelten selbstverst\u00e4ndlich die gleichen Anspr\u00fcche in Bezug auf soziale und \u00f6kologische Standards wie auch bei allen Produkten der Marke PaperStyle.<br>Im Bereich Smiley Card m\u00f6chten wir die Erwartungen von preissensiblen Kunden erf\u00fcllen und haben daher auf Veredelungsmerkmale, wie man diese von unserer Marke PaperStyle kennt, verzichtet.<\/p>\n\n\n\n<div class=\"wp-block-buttons\">\n<div class=\"wp-block-button\"><a class=\"wp-block-button__link\" href=\"https:\/\/swco.de\/?page_id=102\" style=\"border-radius:50px\">zur\u00fcck zu den produkten<\/a><\/div>\n<\/div>\n<\/div><\/div>\n\n\n\n<div style=\"height:26px\" aria-hidden=\"true\" class=\"wp-block-spacer\"><\/div>\n","protected":false},"excerpt":{"rendered":"","protected":false},"author":1,"featured_media":0,"parent":102,"menu_order":0,"comment_status":"closed","ping_status":"closed","template":"page-templates\/page_front-page.php","meta":[],"_links":{"self":[{"href":"https:\/\/swco.de\/index.php?rest_route=\/wp\/v2\/pages\/198"}],"collection":[{"href":"https:\/\/swco.de\/index.php?rest_route=\/wp\/v2\/pages"}],"about":[{"href":"https:\/\/swco.de\/index.php?rest_route=\/wp\/v2\/types\/page"}],"author":[{"embeddable":true,"href":"https:\/\/swco.de\/index.php?rest_route=\/wp\/v2\/users\/1"}],"replies":[{"embeddable":true,"href":"https:\/\/swco.de\/index.php?rest_route=%2Fwp%2Fv2%2Fcomments&post=198"}],"version-history":[{"count":1,"href":"https:\/\/swco.de\/index.php?rest_route=\/wp\/v2\/pages\/198\/revisions"}],"predecessor-version":[{"id":199,"href":"https:\/\/swco.de\/index.php?rest_route=\/wp\/v2\/pages\/198\/revisions\/199"}],"up":[{"embeddable":true,"href":"https:\/\/swco.de\/index.php?rest_route=\/wp\/v2\/pages\/102"}],"wp:attachment":[{"href":"https:\/\/swco.de\/index.php?rest_route=%2Fwp%2Fv2%2Fmedia&parent=198"}],"curies":[{"name":"wp","href":"https:\/\/api.w.org\/{rel}","templated":true}]}}