{"id":212,"date":"2022-04-14T12:09:23","date_gmt":"2022-04-14T10:09:23","guid":{"rendered":"http:\/\/swco.de\/?page_id=212"},"modified":"2022-04-14T12:09:23","modified_gmt":"2022-04-14T10:09:23","slug":"hello-pastello","status":"publish","type":"page","link":"https:\/\/swco.de\/?page_id=212","title":{"rendered":"Hello Pastello"},"content":{"rendered":"\n<div class=\"wp-block-cover has-background-dim\" style=\"min-height:144px\"><img loading=\"lazy\" width=\"1024\" height=\"133\" class=\"wp-block-cover__image-background wp-image-31\" alt=\"\" src=\"https:\/\/swco.de\/wp-content\/uploads\/2022\/04\/services-1024x133.jpg\" data-object-fit=\"cover\" srcset=\"https:\/\/swco.de\/wp-content\/uploads\/2022\/04\/services-1024x133.jpg 1024w, https:\/\/swco.de\/wp-content\/uploads\/2022\/04\/services-300x39.jpg 300w, https:\/\/swco.de\/wp-content\/uploads\/2022\/04\/services-768x100.jpg 768w, https:\/\/swco.de\/wp-content\/uploads\/2022\/04\/services-1536x200.jpg 1536w, https:\/\/swco.de\/wp-content\/uploads\/2022\/04\/services-920x120.jpg 920w, https:\/\/swco.de\/wp-content\/uploads\/2022\/04\/services-230x30.jpg 230w, https:\/\/swco.de\/wp-content\/uploads\/2022\/04\/services-350x46.jpg 350w, https:\/\/swco.de\/wp-content\/uploads\/2022\/04\/services-480x63.jpg 480w, https:\/\/swco.de\/wp-content\/uploads\/2022\/04\/services.jpg 1920w\" sizes=\"(max-width: 1024px) 100vw, 1024px\" \/><div class=\"wp-block-cover__inner-container\">\n<p class=\"has-text-align-center has-large-font-size\">Hello Pastello<\/p>\n<\/div><\/div>\n\n\n\n<div style=\"height:26px\" aria-hidden=\"true\" class=\"wp-block-spacer\"><\/div>\n\n\n<p>Mit unseren \u201eHello Pastello\u201c Karten erhalten Sie eine ganz besondere Kartenserie. Die aussagekr\u00e4ftigen Texte, f\u00fcr fast jeden Anlass, wurden mit Goldfolie hochwertig veredelt. Jede Karte wurde mit einer au\u00dfergew\u00f6hnlichen Applikation versehen und l\u00e4sst sie somit zu einem Hingucker werden.<\/p>\n\n\n<div style=\"height:26px\" aria-hidden=\"true\" class=\"wp-block-spacer\"><\/div>\n\n\n\n<figure class=\"wp-block-gallery columns-2 is-cropped\"><ul class=\"blocks-gallery-grid\"><li class=\"blocks-gallery-item\"><figure><img loading=\"lazy\" width=\"1024\" height=\"719\" src=\"https:\/\/swco.de\/wp-content\/uploads\/2022\/04\/PicsArt_12-30-03.14.04-1024x719.jpg\" alt=\"\" data-id=\"117\" data-link=\"https:\/\/swco.de\/?attachment_id=117\" class=\"wp-image-117\" srcset=\"https:\/\/swco.de\/wp-content\/uploads\/2022\/04\/PicsArt_12-30-03.14.04-1024x719.jpg 1024w, https:\/\/swco.de\/wp-content\/uploads\/2022\/04\/PicsArt_12-30-03.14.04-300x211.jpg 300w, https:\/\/swco.de\/wp-content\/uploads\/2022\/04\/PicsArt_12-30-03.14.04-768x539.jpg 768w, https:\/\/swco.de\/wp-content\/uploads\/2022\/04\/PicsArt_12-30-03.14.04-1536x1078.jpg 1536w, https:\/\/swco.de\/wp-content\/uploads\/2022\/04\/PicsArt_12-30-03.14.04-2048x1438.jpg 2048w, https:\/\/swco.de\/wp-content\/uploads\/2022\/04\/PicsArt_12-30-03.14.04-920x646.jpg 920w, https:\/\/swco.de\/wp-content\/uploads\/2022\/04\/PicsArt_12-30-03.14.04-230x161.jpg 230w, https:\/\/swco.de\/wp-content\/uploads\/2022\/04\/PicsArt_12-30-03.14.04-350x246.jpg 350w, https:\/\/swco.de\/wp-content\/uploads\/2022\/04\/PicsArt_12-30-03.14.04-480x337.jpg 480w\" sizes=\"(max-width: 1024px) 100vw, 1024px\" \/><\/figure><\/li><li class=\"blocks-gallery-item\"><figure><img loading=\"lazy\" width=\"700\" height=\"1024\" src=\"https:\/\/swco.de\/wp-content\/uploads\/2022\/04\/95-0650_Box-700x1024.jpg\" alt=\"\" data-id=\"213\" data-full-url=\"https:\/\/swco.de\/wp-content\/uploads\/2022\/04\/95-0650_Box.jpg\" data-link=\"https:\/\/swco.de\/?attachment_id=213\" class=\"wp-image-213\" srcset=\"https:\/\/swco.de\/wp-content\/uploads\/2022\/04\/95-0650_Box-700x1024.jpg 700w, https:\/\/swco.de\/wp-content\/uploads\/2022\/04\/95-0650_Box-205x300.jpg 205w, https:\/\/swco.de\/wp-content\/uploads\/2022\/04\/95-0650_Box-768x1124.jpg 768w, https:\/\/swco.de\/wp-content\/uploads\/2022\/04\/95-0650_Box-230x337.jpg 230w, https:\/\/swco.de\/wp-content\/uploads\/2022\/04\/95-0650_Box-350x512.jpg 350w, https:\/\/swco.de\/wp-content\/uploads\/2022\/04\/95-0650_Box-480x703.jpg 480w, https:\/\/swco.de\/wp-content\/uploads\/2022\/04\/95-0650_Box.jpg 800w\" sizes=\"(max-width: 700px) 100vw, 700px\" \/><\/figure><\/li><\/ul><\/figure>\n\n\n\n<div style=\"height:26px\" aria-hidden=\"true\" class=\"wp-block-spacer\"><\/div>\n\n\n\n<div class=\"wp-block-buttons\">\n<div class=\"wp-block-button\"><a class=\"wp-block-button__link\" href=\"https:\/\/swco.de\/?page_id=102\" style=\"border-radius:50px\">zur\u00fcck zu den produkten<\/a><\/div>\n<\/div>\n\n\n\n<div style=\"height:26px\" aria-hidden=\"true\" class=\"wp-block-spacer\"><\/div>\n","protected":false},"excerpt":{"rendered":"<p>Mit unseren \u201eHello Pastello\u201c Karten erhalten Sie eine ganz besondere Kartenserie. Die aussagekr\u00e4ftigen Texte, f\u00fcr fast jeden Anlass, wurden mit Goldfolie hochwertig [&hellip;]<\/p>\n","protected":false},"author":1,"featured_media":0,"parent":102,"menu_order":0,"comment_status":"closed","ping_status":"closed","template":"page-templates\/page_front-page.php","meta":[],"_links":{"self":[{"href":"https:\/\/swco.de\/index.php?rest_route=\/wp\/v2\/pages\/212"}],"collection":[{"href":"https:\/\/swco.de\/index.php?rest_route=\/wp\/v2\/pages"}],"about":[{"href":"https:\/\/swco.de\/index.php?rest_route=\/wp\/v2\/types\/page"}],"author":[{"embeddable":true,"href":"https:\/\/swco.de\/index.php?rest_route=\/wp\/v2\/users\/1"}],"replies":[{"embeddable":true,"href":"https:\/\/swco.de\/index.php?rest_route=%2Fwp%2Fv2%2Fcomments&post=212"}],"version-history":[{"count":1,"href":"https:\/\/swco.de\/index.php?rest_route=\/wp\/v2\/pages\/212\/revisions"}],"predecessor-version":[{"id":214,"href":"https:\/\/swco.de\/index.php?rest_route=\/wp\/v2\/pages\/212\/revisions\/214"}],"up":[{"embeddable":true,"href":"https:\/\/swco.de\/index.php?rest_route=\/wp\/v2\/pages\/102"}],"wp:attachment":[{"href":"https:\/\/swco.de\/index.php?rest_route=%2Fwp%2Fv2%2Fmedia&parent=212"}],"curies":[{"name":"wp","href":"https:\/\/api.w.org\/{rel}","templated":true}]}}