{"id":254,"date":"2022-04-14T14:13:13","date_gmt":"2022-04-14T12:13:13","guid":{"rendered":"http:\/\/swco.de\/?page_id=254"},"modified":"2026-04-15T16:19:16","modified_gmt":"2026-04-15T14:19:16","slug":"unsere-marken","status":"publish","type":"page","link":"https:\/\/swco.de\/?page_id=254","title":{"rendered":"Unsere Marken"},"content":{"rendered":"\n<div class=\"wp-block-cover has-background-dim\" style=\"min-height:147px\"><img loading=\"lazy\" width=\"1024\" height=\"133\" class=\"wp-block-cover__image-background wp-image-31\" alt=\"\" src=\"https:\/\/swco.de\/wp-content\/uploads\/2022\/04\/services-1024x133.jpg\" data-object-fit=\"cover\" srcset=\"https:\/\/swco.de\/wp-content\/uploads\/2022\/04\/services-1024x133.jpg 1024w, https:\/\/swco.de\/wp-content\/uploads\/2022\/04\/services-300x39.jpg 300w, https:\/\/swco.de\/wp-content\/uploads\/2022\/04\/services-768x100.jpg 768w, https:\/\/swco.de\/wp-content\/uploads\/2022\/04\/services-1536x200.jpg 1536w, https:\/\/swco.de\/wp-content\/uploads\/2022\/04\/services-920x120.jpg 920w, https:\/\/swco.de\/wp-content\/uploads\/2022\/04\/services-230x30.jpg 230w, https:\/\/swco.de\/wp-content\/uploads\/2022\/04\/services-350x46.jpg 350w, https:\/\/swco.de\/wp-content\/uploads\/2022\/04\/services-480x63.jpg 480w, https:\/\/swco.de\/wp-content\/uploads\/2022\/04\/services.jpg 1920w\" sizes=\"(max-width: 1024px) 100vw, 1024px\" \/><div class=\"wp-block-cover__inner-container\">\n<p class=\"has-text-align-center has-large-font-size\">Unsere Marken<\/p>\n<\/div><\/div>\n\n\n\n<div style=\"height:26px\" aria-hidden=\"true\" class=\"wp-block-spacer\"><\/div>\n\n\n\n<div style=\"height:26px\" aria-hidden=\"true\" class=\"wp-block-spacer\"><\/div>\n\n\n\n<div class=\"wp-block-columns\">\n<div class=\"wp-block-column\" style=\"flex-basis:100%\">\n<div class=\"wp-block-group\">\n<div class=\"wp-block-columns\">\n<div class=\"wp-block-column\" style=\"flex-basis:100%\">\n<p><img loading=\"lazy\" width=\"189\" height=\"277\" class=\"wp-image-363\" style=\"width: 200px;\" src=\"https:\/\/swco.de\/wp-content\/uploads\/2026\/04\/logo-3marken.jpg\" alt=\"Marken\"><br>Paperstyle ist unsere Marke f\u00fcr hochwertige Papeterie &#8211; konzentriert auf Einzelmotive sowie passend zusammengestellte Sortimente.<\/p>\n\n\n\n<p> Smiley-Card ist unsere Preiseinstiegsmarke f\u00fcr den preisbewussten Kunden.  Hohe Qualit\u00e4t zum niedrigen Preis. <\/p>\n\n\n\n<p>EigenArt ist unsere Marke f\u00fcr Gru\u00dfkarten und Geschenkartikel in starken Konzepten &#8211; hoch veredelt und immer mit dem Anspruch, etwas ganz Besonderes am Markt zu sein.  Weitere Informationen zu diesen Produkten finden Sie unter <a rel=\"noreferrer noopener\" href=\"http:\/\/eigenart-karten.de\" data-type=\"URL\" data-id=\"http:\/\/eigenart-karten.de\" target=\"_blank\">www.eigenart-karten.de<\/a>.<br><br><img loading=\"lazy\" width=\"937\" height=\"404\" class=\"wp-image-258\" style=\"width: 150px;\" src=\"https:\/\/swco.de\/wp-content\/uploads\/2022\/04\/dc_logo.jpg\" alt=\"\" srcset=\"https:\/\/swco.de\/wp-content\/uploads\/2022\/04\/dc_logo.jpg 937w, https:\/\/swco.de\/wp-content\/uploads\/2022\/04\/dc_logo-300x129.jpg 300w, https:\/\/swco.de\/wp-content\/uploads\/2022\/04\/dc_logo-768x331.jpg 768w, https:\/\/swco.de\/wp-content\/uploads\/2022\/04\/dc_logo-920x397.jpg 920w, https:\/\/swco.de\/wp-content\/uploads\/2022\/04\/dc_logo-230x99.jpg 230w, https:\/\/swco.de\/wp-content\/uploads\/2022\/04\/dc_logo-350x151.jpg 350w, https:\/\/swco.de\/wp-content\/uploads\/2022\/04\/dc_logo-480x207.jpg 480w\" sizes=\"(max-width: 937px) 100vw, 937px\" \/> <br>Dream Cards sind au\u00dfergew\u00f6hnliche Karten mit klassischen Motiven &#8211; Humor, Gedichte und kleine Tr\u00e4umereien inklusive<br><img loading=\"lazy\" width=\"300\" height=\"88\" class=\"wp-image-257\" style=\"width: 150px;\" src=\"https:\/\/swco.de\/wp-content\/uploads\/2022\/04\/Logo_eceteracollection.png\" alt=\"\" srcset=\"https:\/\/swco.de\/wp-content\/uploads\/2022\/04\/Logo_eceteracollection.png 300w, https:\/\/swco.de\/wp-content\/uploads\/2022\/04\/Logo_eceteracollection-230x67.png 230w\" sizes=\"(max-width: 300px) 100vw, 300px\" \/><br>unsere ecetera-Collection umfasst Motivsticker und andere dekorative Produkte, die das Leben einfach sch\u00f6ner machen<br><br><\/p>\n<\/div>\n<\/div>\n\n\n\n<p><\/p>\n\n\n\n<p><\/p>\n<\/div>\n<\/div>\n<\/div>\n","protected":false},"excerpt":{"rendered":"<p>Paperstyle ist unsere Marke f\u00fcr hochwertige Papeterie &#8211; konzentriert auf Einzelmotive sowie passend zusammengestellte Sortimente. Smiley-Card ist unsere Preiseinstiegsmarke f\u00fcr den preisbewussten [&hellip;]<\/p>\n","protected":false},"author":1,"featured_media":0,"parent":0,"menu_order":0,"comment_status":"closed","ping_status":"closed","template":"page-templates\/page_front-page.php","meta":[],"_links":{"self":[{"href":"https:\/\/swco.de\/index.php?rest_route=\/wp\/v2\/pages\/254"}],"collection":[{"href":"https:\/\/swco.de\/index.php?rest_route=\/wp\/v2\/pages"}],"about":[{"href":"https:\/\/swco.de\/index.php?rest_route=\/wp\/v2\/types\/page"}],"author":[{"embeddable":true,"href":"https:\/\/swco.de\/index.php?rest_route=\/wp\/v2\/users\/1"}],"replies":[{"embeddable":true,"href":"https:\/\/swco.de\/index.php?rest_route=%2Fwp%2Fv2%2Fcomments&post=254"}],"version-history":[{"count":9,"href":"https:\/\/swco.de\/index.php?rest_route=\/wp\/v2\/pages\/254\/revisions"}],"predecessor-version":[{"id":378,"href":"https:\/\/swco.de\/index.php?rest_route=\/wp\/v2\/pages\/254\/revisions\/378"}],"wp:attachment":[{"href":"https:\/\/swco.de\/index.php?rest_route=%2Fwp%2Fv2%2Fmedia&parent=254"}],"curies":[{"name":"wp","href":"https:\/\/api.w.org\/{rel}","templated":true}]}}