{"id":316,"date":"2022-04-14T19:20:28","date_gmt":"2022-04-14T17:20:28","guid":{"rendered":"http:\/\/swco.de\/?page_id=316"},"modified":"2022-04-14T19:22:59","modified_gmt":"2022-04-14T17:22:59","slug":"agb","status":"publish","type":"page","link":"https:\/\/swco.de\/?page_id=316","title":{"rendered":"AGB"},"content":{"rendered":"\n<div class=\"wp-block-cover has-background-dim\" style=\"min-height:144px\"><img loading=\"lazy\" width=\"1024\" height=\"133\" class=\"wp-block-cover__image-background wp-image-31\" alt=\"\" src=\"https:\/\/swco.de\/wp-content\/uploads\/2022\/04\/services-1024x133.jpg\" data-object-fit=\"cover\" srcset=\"https:\/\/swco.de\/wp-content\/uploads\/2022\/04\/services-1024x133.jpg 1024w, https:\/\/swco.de\/wp-content\/uploads\/2022\/04\/services-300x39.jpg 300w, https:\/\/swco.de\/wp-content\/uploads\/2022\/04\/services-768x100.jpg 768w, https:\/\/swco.de\/wp-content\/uploads\/2022\/04\/services-1536x200.jpg 1536w, https:\/\/swco.de\/wp-content\/uploads\/2022\/04\/services-920x120.jpg 920w, https:\/\/swco.de\/wp-content\/uploads\/2022\/04\/services-230x30.jpg 230w, https:\/\/swco.de\/wp-content\/uploads\/2022\/04\/services-350x46.jpg 350w, https:\/\/swco.de\/wp-content\/uploads\/2022\/04\/services-480x63.jpg 480w, https:\/\/swco.de\/wp-content\/uploads\/2022\/04\/services.jpg 1920w\" sizes=\"(max-width: 1024px) 100vw, 1024px\" \/><div class=\"wp-block-cover__inner-container\">\n<p class=\"has-text-align-center has-large-font-size\">AGB<\/p>\n<\/div><\/div>\n\n\n\n<div style=\"height:26px\" aria-hidden=\"true\" class=\"wp-block-spacer\"><\/div>\n\n\n<p>Als Grundlage f\u00fcr eine Zusammenarbeit m\u00fcssen leider auch bei uns die AGB herhalten.&nbsp; Selbstverst\u00e4ndlich versuchen wir dennoch immer im Fall eines Streitfalles, das Problem zun\u00e4chst unb\u00fcrokratisch und kulant zu l\u00f6sen. Sollte dieses nicht m\u00f6glich sein gelten folgende AGB:<\/p>\n<ul>\n<li><strong>Geltungsbereich<br><\/strong>Mit der Erteilung eines Auftrages erkl\u00e4rt sich der Auftraggeber mit unseren nachstehenden Bedingungen f\u00fcr die gesamte Gesch\u00e4ftsverbindung einverstanden, so dass Lieferungen nur zu den nachstehenden Bedingungen erfolgen. Abweichende Bedingungen bed\u00fcrfen grunds\u00e4tzlich unserer schriftlichen Zustimmung.<\/li>\n<li><strong>Angebot und Auftr\u00e4ge<br><\/strong>Alle Auftr\u00e4ge sind f\u00fcr den Auftraggeber verbindlich. Ist die \u00dcbernahme eines Auftrages f\u00fcr uns nicht m\u00f6glich, so erh\u00e4lt der Auftraggeber eine Nachricht. Erg\u00e4nzungen oder \u00c4nderungen eines bereits angenommenen Auftrages erlangen erst nach schriftlicher Best\u00e4tigung G\u00fcltigkeit. Unsere Angebote sind stets freibleibend; verbindlich ist die schriftliche Auftragsbest\u00e4tigung; wenn eine solche nicht erfolgt, der schriftliche Auftrag. Sonderanfertigungen werden nur mit einer Vorauszahlung in H\u00f6he von 50% des zu erwartenden Rechnungsbetrages angenommen.&nbsp; Falls die Sonderanfertigungen nach Entw\u00fcrfen oder Vorlagen des Bestellers angefertigt werden, \u00fcbernimmt der Besteller die Haftung daf\u00fcr, dass Schutzrechte Dritter nicht verletzt werden. Der Auftragswert sollte \u20ac 50,00 nicht unterschreiten.<\/li>\n<li><strong>Preise<br><\/strong>Die in unseren Preislisten und Angeboten genannten Preise gelten ab Werk, ausschlie\u00dflich Verpackung und der gesetzlichen Mwst. Sie stehen unter Vorbehalt, dass die der Angebotsabgabe zugrunde gelegten Positionen unver\u00e4ndert bleiben.<\/li>\n<li><strong>Versandkosten<br><\/strong>Versandkosten werden nach Aufwand&nbsp;berechnet.<br>Die Mehrkosten f\u00fcr erbetene Eilsendungen gehen zu Lasten des K\u00e4ufers.<br>Die Wahl des Versandweges behalten wir uns vor. F\u00fcr billigste Versandart wird nicht gehaftet. Eine Transportversicherung wird von uns nicht abgeschlossen.<\/li>\n<li><strong>Verpackung<br><\/strong>Die Wahl der Verpackungsmaterialien behalten wir uns vor.<\/li>\n<li><strong>Lieferung<br><\/strong>Lieferm\u00f6glichkeit bleibt vorbehalten. Bei nicht vorhersehbarem und nicht selbst verschuldetem Unverm\u00f6gen des Verk\u00e4ufers kann der K\u00e4ufer keine Rechte aus der Nichterf\u00fcllung herleiten.<br>Liefertermine sind nur verbindlich, wenn sie von uns ausdr\u00fccklich und schriftlich best\u00e4tigt wurden und gelten immer vorbehaltlich der fristgerechten und ausreichenden Lieferung durch unsere Vorlieferanten. Bei Nichteinhaltung der Lieferfrist oder Fehllieferung hat der K\u00e4ufer uns eine angemessene Nachfrist zu setzen. Erst nach fruchtlosem Ablauf dieser kann der K\u00e4ufer vom Vertrag zur\u00fccktreten. Schadenersatz ist \u2013 soweit gesetzlich zul\u00e4ssig \u2013 ausgeschlossen.<br>Teillieferungen k\u00f6nnen vom K\u00e4ufer nicht zur\u00fcckgewiesen werden. In F\u00e4llen h\u00f6herer Gewalt oder vom Verk\u00e4ufer nicht vors\u00e4tzlich oder grob fahrl\u00e4ssig verschuldeter Betriebsst\u00f6rungen ist der Verk\u00e4ufer berechtigt, vom Vertrag zur\u00fcckzutreten, ohne dass eine Schadenersatzpflicht besteht.<br>Der Versand erfolgt in jedem Fall auf Gefahr des Bestellers.<br>Bei Sonderanfertigungen k\u00f6nnen Mehr- oder Minderlieferungen bis zu 10% nicht beanstandet werden.<\/li>\n<li><strong>Beanstandungen<br><\/strong>Beanstandungen werden nur anerkannt, wenn sie innerhalb von 8 Tagen nach Erhalt der Ware erfolgen. Der K\u00e4ufer ist nicht berechtigt, von sich aus mangelhafte Ware zur\u00fcck zu senden. Unfreie R\u00fccksendungen werden grunds\u00e4tzlich nicht angenommen. Das Recht, die Art der Mangelbeseitigung zu bestimmen, wird vorbehalten. Bei unm\u00f6glicher Mangelbeseitigung hat der K\u00e4ufer das Recht der Wandlung oder Minderung. Schadenersatzanspr\u00fcche sind ausgeschlossen, soweit gesetzlich zul\u00e4ssig. Sendungen, bei denen der Zustand oder das Gewicht auf schlechte Behandlung oder Beraubung w\u00e4hrend des Transportes schlie\u00dfen lassen, sind durch den K\u00e4ufer nur nach vorhergehender Tatbestandsaufnahme zu \u00fcbernehmen, damit ihm die M\u00f6glichkeit einer Forderung auf Schadenersatz an den Bef\u00f6rderer offenbleibt. Versteckte M\u00e4ngel sind unmittelbar nach Entdeckung, sp\u00e4testens jedoch innerhalb von 6 Monaten nach Erhalt der Ware zu beanstanden. F\u00fcr Fremderzeugnisse haftet der Auftragnehmer nicht, er tritt jedoch seine Gew\u00e4hrleistungsanspr\u00fcche gegen Drittlieferanten hiermit ab. M\u00e4ngelr\u00fcgen berechtigen nicht zur Zur\u00fcckhaltung der vereinbarten Zahlungen oder zur Aufrechnung.<\/li>\n<li><strong>Zahlungsbedingungen<br><\/strong>Zahlungsziel:\n<ul>\n<li>Zahlungsziel ist sofern nicht anders vereinbart 10 Tage ab Rechnungsdatum ohne Abzug.<\/li>\n<li>Bei Ziel\u00fcberschreitung und erfolgloser Mahnung werden alle Posten f\u00e4llig. Ebenfalls wird die gesamte Forderung f\u00e4llig, wenn Scheck-Proteste oder eine Verschlechterung der Verm\u00f6gensverh\u00e4ltnisse oder Zahlungsverh\u00e4ltnisse des Bestellers bekannt werden.<\/li>\n<li>Bei Zahlungsverzug werden Verzugszinsen in gesetzlich zul\u00e4ssiger H\u00f6he berechnet.<\/li>\n<li>Nachnahmeversand oder Vorkasse wird bei Lieferung an neue Kunden vorbehalten.<\/li>\n<li>Schecks gelten erst nach Einl\u00f6sung als Zahlung.<\/li>\n<li>Der Verk\u00e4ufer ist berechtigt, die Ausf\u00fchrung neuer Auftr\u00e4ge bis zur Regulierung \u00fcberf\u00e4lliger Rechnungen zur\u00fcck zu stellen.<\/li>\n<li>Unvorhergesehene Ereignisse, darunter auch eine bekannt werdende Verschlechterung der Zahlungsweise des Bestellers, berechtigen, andere Zahlungsbedingungen zu stellen, die nicht ausgelieferte Ware zur\u00fcckzuhalten, oder \u2013 wenn eine Nachfrist zur Zahlung erfolglos verstrichen ist, vom Vertrag zur\u00fcckzutreten. Dies gilt auch, wenn der Besteller trotz Mahnung keine Zahlung leistet.<\/li>\n<\/ul>\n<\/li>\n<li><strong>Eigentumsvorbehalt<br><\/strong>Die Ware bleibt unser Eigentum bis zur vollst\u00e4ndigen Bezahlung der gelieferten Ware. Der K\u00e4ufer ist zur Weiterver\u00e4u\u00dferung der Ware berechtigt. Wird die Ware vor der Zahlung weiter ver\u00e4u\u00dfert, geht der erzielte Erl\u00f6s bzw. die durch den Weiterverkauf entstandene Forderung in unser Eigentum \u00fcber. Der K\u00e4ufer darf die unter Eigentumsvorbehalt erhaltene Ware einem Dritten weder verpf\u00e4nden noch sicherheitshalber \u00fcbereignen. Bei gerichtlicher Pf\u00e4ndung durch Dritte hat der K\u00e4ufer sofort Mitteilung zu machen. Falls der K\u00e4ufer vor erfolgter Zahlung seine Zahlungen einstellt, haben wir die in den \u00a7\u00a7 43 ff KO aufgef\u00fchrten Rechte der Aussonderung der Ware bzw. Abtretung der Rechte auf Gegenleistung.<\/li>\n<li><strong>Erf\u00fcllungsort und Gerichtsstand<br><\/strong>Erf\u00fcllungsort ist Quickborn, Gerichtsstand ist f\u00fcr beide Teile in jedem Fall Pinneberg.<\/li>\n<li><strong>Kundenbedingungen<br><\/strong>Alle vom Besteller vorgeschriebene Bedingungen sind f\u00fcr uns nur dann bindend, wenn unsere schriftliche Best\u00e4tigung erfolgt.<\/li>\n<li><strong>Muster<br><\/strong>Musterlieferungen k\u00f6nnen nur gegen Berechnung erfolgen.<\/li>\n<li><strong>Allgemeines<br><\/strong>Sollten einzelne Bestimmungen unserer Bedingungen von Gesetzes wegen nichtig werden, so sind damit keinesfalls die restlichen Bedingungen nichtig. Alle mit dem Verkauf, der Lieferung und Zahlung zusammenh\u00e4ngenden Bedingungen richten sich nach deutschem Recht.<br>Die im Zusammenhang mit der Gesch\u00e4ftsverbindung entstehenden personenbezogenen Daten werden gespeichert. Vorstehende Grundlagen der gesch\u00e4ftlichen Zusammenarbeit erkennt der Besteller durch Erteilung eines Auftrages als allein ma\u00dfgebend an. Bei sp\u00e4teren Bestellungen gen\u00fcgt der Hinweis der Lieferfirma darauf, um sie f\u00fcr den Auftrag allein ma\u00dfgebend zu machen.<\/li>\n<\/ul>\n\n\n<div style=\"height:26px\" aria-hidden=\"true\" class=\"wp-block-spacer\"><\/div>\n","protected":false},"excerpt":{"rendered":"<p>Als Grundlage f\u00fcr eine Zusammenarbeit m\u00fcssen leider auch bei uns die AGB herhalten.&nbsp; Selbstverst\u00e4ndlich versuchen wir dennoch immer im Fall eines Streitfalles, [&hellip;]<\/p>\n","protected":false},"author":1,"featured_media":0,"parent":73,"menu_order":0,"comment_status":"closed","ping_status":"closed","template":"page-templates\/page_front-page.php","meta":[],"_links":{"self":[{"href":"https:\/\/swco.de\/index.php?rest_route=\/wp\/v2\/pages\/316"}],"collection":[{"href":"https:\/\/swco.de\/index.php?rest_route=\/wp\/v2\/pages"}],"about":[{"href":"https:\/\/swco.de\/index.php?rest_route=\/wp\/v2\/types\/page"}],"author":[{"embeddable":true,"href":"https:\/\/swco.de\/index.php?rest_route=\/wp\/v2\/users\/1"}],"replies":[{"embeddable":true,"href":"https:\/\/swco.de\/index.php?rest_route=%2Fwp%2Fv2%2Fcomments&post=316"}],"version-history":[{"count":3,"href":"https:\/\/swco.de\/index.php?rest_route=\/wp\/v2\/pages\/316\/revisions"}],"predecessor-version":[{"id":321,"href":"https:\/\/swco.de\/index.php?rest_route=\/wp\/v2\/pages\/316\/revisions\/321"}],"up":[{"embeddable":true,"href":"https:\/\/swco.de\/index.php?rest_route=\/wp\/v2\/pages\/73"}],"wp:attachment":[{"href":"https:\/\/swco.de\/index.php?rest_route=%2Fwp%2Fv2%2Fmedia&parent=316"}],"curies":[{"name":"wp","href":"https:\/\/api.w.org\/{rel}","templated":true}]}}