{"id":68,"date":"2022-04-13T15:31:51","date_gmt":"2022-04-13T13:31:51","guid":{"rendered":"http:\/\/swco.de\/?page_id=68"},"modified":"2022-04-14T17:07:19","modified_gmt":"2022-04-14T15:07:19","slug":"download","status":"publish","type":"page","link":"https:\/\/swco.de\/?page_id=68","title":{"rendered":"Download"},"content":{"rendered":"\n<div class=\"wp-block-cover has-background-dim\" style=\"min-height:137px\"><img loading=\"lazy\" width=\"1024\" height=\"133\" class=\"wp-block-cover__image-background wp-image-31\" alt=\"\" src=\"https:\/\/swco.de\/wp-content\/uploads\/2022\/04\/services-1024x133.jpg\" data-object-fit=\"cover\" srcset=\"https:\/\/swco.de\/wp-content\/uploads\/2022\/04\/services-1024x133.jpg 1024w, https:\/\/swco.de\/wp-content\/uploads\/2022\/04\/services-300x39.jpg 300w, https:\/\/swco.de\/wp-content\/uploads\/2022\/04\/services-768x100.jpg 768w, https:\/\/swco.de\/wp-content\/uploads\/2022\/04\/services-1536x200.jpg 1536w, https:\/\/swco.de\/wp-content\/uploads\/2022\/04\/services-920x120.jpg 920w, https:\/\/swco.de\/wp-content\/uploads\/2022\/04\/services-230x30.jpg 230w, https:\/\/swco.de\/wp-content\/uploads\/2022\/04\/services-350x46.jpg 350w, https:\/\/swco.de\/wp-content\/uploads\/2022\/04\/services-480x63.jpg 480w, https:\/\/swco.de\/wp-content\/uploads\/2022\/04\/services.jpg 1920w\" sizes=\"(max-width: 1024px) 100vw, 1024px\" \/><div class=\"wp-block-cover__inner-container\">\n<p class=\"has-text-align-center has-large-font-size\">Download<\/p>\n<\/div><\/div>\n\n\n\n<div style=\"height:26px\" aria-hidden=\"true\" class=\"wp-block-spacer\"><\/div>\n\n\n\n<div class=\"wp-block-media-text alignwide is-stacked-on-mobile is-style-tw-shadow\" style=\"grid-template-columns:25% auto\"><figure class=\"wp-block-media-text__media\"><img loading=\"lazy\" width=\"397\" height=\"561\" src=\"https:\/\/swco.de\/wp-content\/uploads\/2022\/04\/kat22.jpeg\" alt=\"\" class=\"wp-image-69 size-full\" srcset=\"https:\/\/swco.de\/wp-content\/uploads\/2022\/04\/kat22.jpeg 397w, https:\/\/swco.de\/wp-content\/uploads\/2022\/04\/kat22-212x300.jpeg 212w, https:\/\/swco.de\/wp-content\/uploads\/2022\/04\/kat22-230x325.jpeg 230w, https:\/\/swco.de\/wp-content\/uploads\/2022\/04\/kat22-350x495.jpeg 350w\" sizes=\"(max-width: 397px) 100vw, 397px\" \/><\/figure><div class=\"wp-block-media-text__content\">\n<p>Wir freuen uns sehr \u00fcber Ihr Interesse an unseren Katalogen.<br>Um unsere Kataloge downloaden zu k\u00f6nnen, m\u00f6chten wir Sie bitten das Passwort per Mail, Telefon oder \u00fcber unser Kontaktformular anzufordern. <a rel=\"noreferrer noopener\" href=\"http:\/\/gofile.me\/5AiQd\/eYcRCiWpH\" target=\"_blank\"><strong>HIER<\/strong><\/a>\u00a0gelangen Sie zum Katalog-Download.<\/p>\n\n\n\n<p>Entdecken Sie mehr von PaperStyle.<\/p>\n<\/div><\/div>\n\n\n\n<div style=\"height:26px\" aria-hidden=\"true\" class=\"wp-block-spacer\"><\/div>\n","protected":false},"excerpt":{"rendered":"<p>Wir freuen uns sehr \u00fcber Ihr Interesse an unseren Katalogen.Um unsere Kataloge downloaden zu k\u00f6nnen, m\u00f6chten wir Sie bitten das Passwort per [&hellip;]<\/p>\n","protected":false},"author":1,"featured_media":0,"parent":0,"menu_order":0,"comment_status":"closed","ping_status":"closed","template":"page-templates\/page_front-page.php","meta":[],"_links":{"self":[{"href":"https:\/\/swco.de\/index.php?rest_route=\/wp\/v2\/pages\/68"}],"collection":[{"href":"https:\/\/swco.de\/index.php?rest_route=\/wp\/v2\/pages"}],"about":[{"href":"https:\/\/swco.de\/index.php?rest_route=\/wp\/v2\/types\/page"}],"author":[{"embeddable":true,"href":"https:\/\/swco.de\/index.php?rest_route=\/wp\/v2\/users\/1"}],"replies":[{"embeddable":true,"href":"https:\/\/swco.de\/index.php?rest_route=%2Fwp%2Fv2%2Fcomments&post=68"}],"version-history":[{"count":4,"href":"https:\/\/swco.de\/index.php?rest_route=\/wp\/v2\/pages\/68\/revisions"}],"predecessor-version":[{"id":301,"href":"https:\/\/swco.de\/index.php?rest_route=\/wp\/v2\/pages\/68\/revisions\/301"}],"wp:attachment":[{"href":"https:\/\/swco.de\/index.php?rest_route=%2Fwp%2Fv2%2Fmedia&parent=68"}],"curies":[{"name":"wp","href":"https:\/\/api.w.org\/{rel}","templated":true}]}}